{"id":13,"date":"2025-06-28T11:42:29","date_gmt":"2025-06-28T09:42:29","guid":{"rendered":"https:\/\/wp8.abecedapc.com\/?page_id=13"},"modified":"2025-06-28T12:41:08","modified_gmt":"2025-06-28T10:41:08","slug":"13-2","status":"publish","type":"page","link":"https:\/\/wp8.abecedapc.com\/?page_id=13","title":{"rendered":"1. str\u00e1nka z\u00e1klad"},"content":{"rendered":"\n<div class=\"wp-block-columns is-layout-flex wp-container-core-columns-is-layout-28f84493 wp-block-columns-is-layout-flex\">\n<div class=\"wp-block-column is-layout-flow wp-block-column-is-layout-flow\">\n<h2 class=\"wp-block-heading\">Nab\u00eddka<\/h2>\n\n\n\n<figure class=\"wp-block-image size-large\"><img fetchpriority=\"high\" decoding=\"async\" width=\"576\" height=\"1024\" src=\"http:\/\/wp8.abecedapc.com\/wp-content\/uploads\/2025\/06\/20230716_215328-576x1024.jpg\" alt=\"\" class=\"wp-image-15\" srcset=\"https:\/\/wp8.abecedapc.com\/wp-content\/uploads\/2025\/06\/20230716_215328-576x1024.jpg 576w, https:\/\/wp8.abecedapc.com\/wp-content\/uploads\/2025\/06\/20230716_215328-169x300.jpg 169w, https:\/\/wp8.abecedapc.com\/wp-content\/uploads\/2025\/06\/20230716_215328-768x1365.jpg 768w, https:\/\/wp8.abecedapc.com\/wp-content\/uploads\/2025\/06\/20230716_215328-864x1536.jpg 864w, https:\/\/wp8.abecedapc.com\/wp-content\/uploads\/2025\/06\/20230716_215328-1152x2048.jpg 1152w, https:\/\/wp8.abecedapc.com\/wp-content\/uploads\/2025\/06\/20230716_215328-scaled.jpg 1440w\" sizes=\"(max-width: 576px) 100vw, 576px\" \/><\/figure>\n<\/div>\n\n\n\n<div class=\"wp-block-column is-layout-flow wp-block-column-is-layout-flow\">\n<h2 class=\"wp-block-heading\">Nov\u00e1 nab\u00eddka<\/h2>\n\n\n\n<figure class=\"wp-block-image size-large\"><img decoding=\"async\" width=\"576\" height=\"1024\" src=\"http:\/\/wp8.abecedapc.com\/wp-content\/uploads\/2025\/06\/20230719_060406-576x1024.jpg\" alt=\"\" class=\"wp-image-14\" srcset=\"https:\/\/wp8.abecedapc.com\/wp-content\/uploads\/2025\/06\/20230719_060406-576x1024.jpg 576w, https:\/\/wp8.abecedapc.com\/wp-content\/uploads\/2025\/06\/20230719_060406-169x300.jpg 169w, https:\/\/wp8.abecedapc.com\/wp-content\/uploads\/2025\/06\/20230719_060406-768x1365.jpg 768w, https:\/\/wp8.abecedapc.com\/wp-content\/uploads\/2025\/06\/20230719_060406-864x1536.jpg 864w, https:\/\/wp8.abecedapc.com\/wp-content\/uploads\/2025\/06\/20230719_060406-1152x2048.jpg 1152w, https:\/\/wp8.abecedapc.com\/wp-content\/uploads\/2025\/06\/20230719_060406-scaled.jpg 1440w\" sizes=\"(max-width: 576px) 100vw, 576px\" \/><\/figure>\n<\/div>\n<\/div>\n\n\n\n<div class=\"wp-block-columns is-layout-flex wp-container-core-columns-is-layout-28f84493 wp-block-columns-is-layout-flex\">\n<div class=\"wp-block-column is-layout-flow wp-block-column-is-layout-flow\"><\/div>\n\n\n\n<div class=\"wp-block-column is-layout-flow wp-block-column-is-layout-flow\"><\/div>\n<\/div>\n","protected":false},"excerpt":{"rendered":"<p>Nab\u00eddka Nov\u00e1 nab\u00eddka<\/p>\n","protected":false},"author":1,"featured_media":0,"parent":0,"menu_order":0,"comment_status":"closed","ping_status":"closed","template":"","meta":{"footnotes":""},"class_list":["post-13","page","type-page","status-publish","hentry"],"yoast_head":"<!-- This site is optimized with the Yoast SEO plugin v25.3.1 - https:\/\/yoast.com\/wordpress\/plugins\/seo\/ -->\n<title>1. str\u00e1nka z\u00e1klad - Simona - \u0161kolen\u00ed<\/title>\n<meta name=\"robots\" content=\"index, follow, max-snippet:-1, max-image-preview:large, max-video-preview:-1\" \/>\n<link rel=\"canonical\" href=\"https:\/\/wp8.abecedapc.com\/?page_id=13\" \/>\n<meta property=\"og:locale\" content=\"cs_CZ\" \/>\n<meta property=\"og:type\" content=\"article\" \/>\n<meta property=\"og:title\" content=\"1. str\u00e1nka z\u00e1klad - Simona - \u0161kolen\u00ed\" \/>\n<meta property=\"og:description\" content=\"Nab\u00eddka Nov\u00e1 nab\u00eddka\" \/>\n<meta property=\"og:url\" content=\"https:\/\/wp8.abecedapc.com\/?page_id=13\" \/>\n<meta property=\"og:site_name\" content=\"Simona - \u0161kolen\u00ed\" \/>\n<meta property=\"article:modified_time\" content=\"2025-06-28T10:41:08+00:00\" \/>\n<meta property=\"og:image\" content=\"http:\/\/wp8.abecedapc.com\/wp-content\/uploads\/2025\/06\/20230716_215328-576x1024.jpg\" \/>\n<meta name=\"twitter:card\" content=\"summary_large_image\" \/>\n<script type=\"application\/ld+json\" class=\"yoast-schema-graph\">{\"@context\":\"https:\/\/schema.org\",\"@graph\":[{\"@type\":\"WebPage\",\"@id\":\"https:\/\/wp8.abecedapc.com\/?page_id=13\",\"url\":\"https:\/\/wp8.abecedapc.com\/?page_id=13\",\"name\":\"1. str\u00e1nka z\u00e1klad - Simona - \u0161kolen\u00ed\",\"isPartOf\":{\"@id\":\"https:\/\/wp8.abecedapc.com\/#website\"},\"primaryImageOfPage\":{\"@id\":\"https:\/\/wp8.abecedapc.com\/?page_id=13#primaryimage\"},\"image\":{\"@id\":\"https:\/\/wp8.abecedapc.com\/?page_id=13#primaryimage\"},\"thumbnailUrl\":\"http:\/\/wp8.abecedapc.com\/wp-content\/uploads\/2025\/06\/20230716_215328-576x1024.jpg\",\"datePublished\":\"2025-06-28T09:42:29+00:00\",\"dateModified\":\"2025-06-28T10:41:08+00:00\",\"breadcrumb\":{\"@id\":\"https:\/\/wp8.abecedapc.com\/?page_id=13#breadcrumb\"},\"inLanguage\":\"cs\",\"potentialAction\":[{\"@type\":\"ReadAction\",\"target\":[\"https:\/\/wp8.abecedapc.com\/?page_id=13\"]}]},{\"@type\":\"ImageObject\",\"inLanguage\":\"cs\",\"@id\":\"https:\/\/wp8.abecedapc.com\/?page_id=13#primaryimage\",\"url\":\"https:\/\/wp8.abecedapc.com\/wp-content\/uploads\/2025\/06\/20230716_215328-scaled.jpg\",\"contentUrl\":\"https:\/\/wp8.abecedapc.com\/wp-content\/uploads\/2025\/06\/20230716_215328-scaled.jpg\",\"width\":1440,\"height\":2560},{\"@type\":\"BreadcrumbList\",\"@id\":\"https:\/\/wp8.abecedapc.com\/?page_id=13#breadcrumb\",\"itemListElement\":[{\"@type\":\"ListItem\",\"position\":1,\"name\":\"Dom\u016f\",\"item\":\"https:\/\/wp8.abecedapc.com\/\"},{\"@type\":\"ListItem\",\"position\":2,\"name\":\"1. str\u00e1nka z\u00e1klad\"}]},{\"@type\":\"WebSite\",\"@id\":\"https:\/\/wp8.abecedapc.com\/#website\",\"url\":\"https:\/\/wp8.abecedapc.com\/\",\"name\":\"Simona - \u0161kolen\u00ed\",\"description\":\"U\u010d\u00edm se WordPress.\",\"potentialAction\":[{\"@type\":\"SearchAction\",\"target\":{\"@type\":\"EntryPoint\",\"urlTemplate\":\"https:\/\/wp8.abecedapc.com\/?s={search_term_string}\"},\"query-input\":{\"@type\":\"PropertyValueSpecification\",\"valueRequired\":true,\"valueName\":\"search_term_string\"}}],\"inLanguage\":\"cs\"}]}<\/script>\n<!-- \/ Yoast SEO plugin. -->","yoast_head_json":{"title":"1. str\u00e1nka z\u00e1klad - Simona - \u0161kolen\u00ed","robots":{"index":"index","follow":"follow","max-snippet":"max-snippet:-1","max-image-preview":"max-image-preview:large","max-video-preview":"max-video-preview:-1"},"canonical":"https:\/\/wp8.abecedapc.com\/?page_id=13","og_locale":"cs_CZ","og_type":"article","og_title":"1. str\u00e1nka z\u00e1klad - Simona - \u0161kolen\u00ed","og_description":"Nab\u00eddka Nov\u00e1 nab\u00eddka","og_url":"https:\/\/wp8.abecedapc.com\/?page_id=13","og_site_name":"Simona - \u0161kolen\u00ed","article_modified_time":"2025-06-28T10:41:08+00:00","og_image":[{"url":"http:\/\/wp8.abecedapc.com\/wp-content\/uploads\/2025\/06\/20230716_215328-576x1024.jpg","type":"","width":"","height":""}],"twitter_card":"summary_large_image","schema":{"@context":"https:\/\/schema.org","@graph":[{"@type":"WebPage","@id":"https:\/\/wp8.abecedapc.com\/?page_id=13","url":"https:\/\/wp8.abecedapc.com\/?page_id=13","name":"1. str\u00e1nka z\u00e1klad - Simona - \u0161kolen\u00ed","isPartOf":{"@id":"https:\/\/wp8.abecedapc.com\/#website"},"primaryImageOfPage":{"@id":"https:\/\/wp8.abecedapc.com\/?page_id=13#primaryimage"},"image":{"@id":"https:\/\/wp8.abecedapc.com\/?page_id=13#primaryimage"},"thumbnailUrl":"http:\/\/wp8.abecedapc.com\/wp-content\/uploads\/2025\/06\/20230716_215328-576x1024.jpg","datePublished":"2025-06-28T09:42:29+00:00","dateModified":"2025-06-28T10:41:08+00:00","breadcrumb":{"@id":"https:\/\/wp8.abecedapc.com\/?page_id=13#breadcrumb"},"inLanguage":"cs","potentialAction":[{"@type":"ReadAction","target":["https:\/\/wp8.abecedapc.com\/?page_id=13"]}]},{"@type":"ImageObject","inLanguage":"cs","@id":"https:\/\/wp8.abecedapc.com\/?page_id=13#primaryimage","url":"https:\/\/wp8.abecedapc.com\/wp-content\/uploads\/2025\/06\/20230716_215328-scaled.jpg","contentUrl":"https:\/\/wp8.abecedapc.com\/wp-content\/uploads\/2025\/06\/20230716_215328-scaled.jpg","width":1440,"height":2560},{"@type":"BreadcrumbList","@id":"https:\/\/wp8.abecedapc.com\/?page_id=13#breadcrumb","itemListElement":[{"@type":"ListItem","position":1,"name":"Dom\u016f","item":"https:\/\/wp8.abecedapc.com\/"},{"@type":"ListItem","position":2,"name":"1. str\u00e1nka z\u00e1klad"}]},{"@type":"WebSite","@id":"https:\/\/wp8.abecedapc.com\/#website","url":"https:\/\/wp8.abecedapc.com\/","name":"Simona - \u0161kolen\u00ed","description":"U\u010d\u00edm se WordPress.","potentialAction":[{"@type":"SearchAction","target":{"@type":"EntryPoint","urlTemplate":"https:\/\/wp8.abecedapc.com\/?s={search_term_string}"},"query-input":{"@type":"PropertyValueSpecification","valueRequired":true,"valueName":"search_term_string"}}],"inLanguage":"cs"}]}},"_links":{"self":[{"href":"https:\/\/wp8.abecedapc.com\/index.php?rest_route=\/wp\/v2\/pages\/13","targetHints":{"allow":["GET"]}}],"collection":[{"href":"https:\/\/wp8.abecedapc.com\/index.php?rest_route=\/wp\/v2\/pages"}],"about":[{"href":"https:\/\/wp8.abecedapc.com\/index.php?rest_route=\/wp\/v2\/types\/page"}],"author":[{"embeddable":true,"href":"https:\/\/wp8.abecedapc.com\/index.php?rest_route=\/wp\/v2\/users\/1"}],"replies":[{"embeddable":true,"href":"https:\/\/wp8.abecedapc.com\/index.php?rest_route=%2Fwp%2Fv2%2Fcomments&post=13"}],"version-history":[{"count":3,"href":"https:\/\/wp8.abecedapc.com\/index.php?rest_route=\/wp\/v2\/pages\/13\/revisions"}],"predecessor-version":[{"id":30,"href":"https:\/\/wp8.abecedapc.com\/index.php?rest_route=\/wp\/v2\/pages\/13\/revisions\/30"}],"wp:attachment":[{"href":"https:\/\/wp8.abecedapc.com\/index.php?rest_route=%2Fwp%2Fv2%2Fmedia&parent=13"}],"curies":[{"name":"wp","href":"https:\/\/api.w.org\/{rel}","templated":true}]}}