{"id":31,"date":"2025-06-28T14:15:35","date_gmt":"2025-06-28T12:15:35","guid":{"rendered":"https:\/\/wp8.abecedapc.com\/?page_id=31"},"modified":"2025-06-29T11:58:08","modified_gmt":"2025-06-29T09:58:08","slug":"aljaska","status":"publish","type":"page","link":"https:\/\/wp8.abecedapc.com\/?page_id=31","title":{"rendered":"Alja\u0161ka"},"content":{"rendered":"\t\t<div data-elementor-type=\"wp-page\" data-elementor-id=\"31\" class=\"elementor elementor-31\">\n\t\t\t\t<div class=\"elementor-element elementor-element-a758d7f e-flex e-con-boxed e-con e-parent\" data-id=\"a758d7f\" data-element_type=\"container\">\n\t\t\t\t\t<div class=\"e-con-inner\">\n\t\t\t\t<div class=\"elementor-element elementor-element-1d1549a e-transform elementor-widget elementor-widget-image\" data-id=\"1d1549a\" data-element_type=\"widget\" data-settings=\"{&quot;_transform_skewX_effect&quot;:{&quot;unit&quot;:&quot;px&quot;,&quot;size&quot;:0,&quot;sizes&quot;:[]},&quot;_transform_skewX_effect_tablet&quot;:{&quot;unit&quot;:&quot;deg&quot;,&quot;size&quot;:&quot;&quot;,&quot;sizes&quot;:[]},&quot;_transform_skewX_effect_mobile&quot;:{&quot;unit&quot;:&quot;deg&quot;,&quot;size&quot;:&quot;&quot;,&quot;sizes&quot;:[]},&quot;_transform_skewY_effect&quot;:{&quot;unit&quot;:&quot;px&quot;,&quot;size&quot;:&quot;&quot;,&quot;sizes&quot;:[]},&quot;_transform_skewY_effect_tablet&quot;:{&quot;unit&quot;:&quot;deg&quot;,&quot;size&quot;:&quot;&quot;,&quot;sizes&quot;:[]},&quot;_transform_skewY_effect_mobile&quot;:{&quot;unit&quot;:&quot;deg&quot;,&quot;size&quot;:&quot;&quot;,&quot;sizes&quot;:[]}}\" data-widget_type=\"image.default\">\n\t\t\t\t<div class=\"elementor-widget-container\">\n\t\t\t\t\t\t\t\t\t\t\t\t\t\t\t<img fetchpriority=\"high\" decoding=\"async\" width=\"1024\" height=\"576\" src=\"https:\/\/wp8.abecedapc.com\/wp-content\/uploads\/2025\/06\/20230719_044348-1024x576.jpg\" class=\"attachment-large size-large wp-image-33\" alt=\"\" srcset=\"https:\/\/wp8.abecedapc.com\/wp-content\/uploads\/2025\/06\/20230719_044348-1024x576.jpg 1024w, https:\/\/wp8.abecedapc.com\/wp-content\/uploads\/2025\/06\/20230719_044348-300x169.jpg 300w, https:\/\/wp8.abecedapc.com\/wp-content\/uploads\/2025\/06\/20230719_044348-768x432.jpg 768w, https:\/\/wp8.abecedapc.com\/wp-content\/uploads\/2025\/06\/20230719_044348-1536x864.jpg 1536w, https:\/\/wp8.abecedapc.com\/wp-content\/uploads\/2025\/06\/20230719_044348-2048x1152.jpg 2048w\" sizes=\"(max-width: 1024px) 100vw, 1024px\" \/>\t\t\t\t\t\t\t\t\t\t\t\t\t\t\t<\/div>\n\t\t\t\t<\/div>\n\t\t\t\t\t<\/div>\n\t\t\t\t<\/div>\n\t\t<div class=\"elementor-element elementor-element-5fdd626 e-flex e-con-boxed e-con e-parent\" data-id=\"5fdd626\" data-element_type=\"container\">\n\t\t\t\t\t<div class=\"e-con-inner\">\n\t\t<div class=\"elementor-element elementor-element-7addd74 e-con-full e-flex e-con e-child\" data-id=\"7addd74\" data-element_type=\"container\">\n\t\t\t\t<div class=\"elementor-element elementor-element-e1d9c62 elementor-widget elementor-widget-heading\" data-id=\"e1d9c62\" data-element_type=\"widget\" data-widget_type=\"heading.default\">\n\t\t\t\t<div class=\"elementor-widget-container\">\n\t\t\t\t\t<h4 class=\"elementor-heading-title elementor-size-default\">JAK se tam dostat.<\/h4>\t\t\t\t<\/div>\n\t\t\t\t<\/div>\n\t\t\t\t<div class=\"elementor-element elementor-element-cff9336 elementor-widget elementor-widget-text-editor\" data-id=\"cff9336\" data-element_type=\"widget\" data-widget_type=\"text-editor.default\">\n\t\t\t\t<div class=\"elementor-widget-container\">\n\t\t\t\t\t\t\t\t\t<p>Letecky s p\u0159elety.<\/p>\t\t\t\t\t\t\t\t<\/div>\n\t\t\t\t<\/div>\n\t\t\t\t<\/div>\n\t\t<div class=\"elementor-element elementor-element-7b8b7d3 e-con-full e-flex e-con e-child\" data-id=\"7b8b7d3\" data-element_type=\"container\">\n\t\t\t\t<div class=\"elementor-element elementor-element-981c93c elementor-widget elementor-widget-heading\" data-id=\"981c93c\" data-element_type=\"widget\" data-widget_type=\"heading.default\">\n\t\t\t\t<div class=\"elementor-widget-container\">\n\t\t\t\t\t<h4 class=\"elementor-heading-title elementor-size-default\">CO vid\u011bt.<\/h4>\t\t\t\t<\/div>\n\t\t\t\t<\/div>\n\t\t\t\t<div class=\"elementor-element elementor-element-f342922 elementor-widget elementor-widget-text-editor\" data-id=\"f342922\" data-element_type=\"widget\" data-widget_type=\"text-editor.default\">\n\t\t\t\t<div class=\"elementor-widget-container\">\n\t\t\t\t\t\t\t\t\t<p>Faunu, fl\u00f3ru, ledovce.<\/p>\t\t\t\t\t\t\t\t<\/div>\n\t\t\t\t<\/div>\n\t\t\t\t<\/div>\n\t\t<div class=\"elementor-element elementor-element-4241770 e-con-full e-flex e-con e-child\" data-id=\"4241770\" data-element_type=\"container\">\n\t\t\t\t<div class=\"elementor-element elementor-element-c7ba076 elementor-widget elementor-widget-heading\" data-id=\"c7ba076\" data-element_type=\"widget\" data-widget_type=\"heading.default\">\n\t\t\t\t<div class=\"elementor-widget-container\">\n\t\t\t\t\t<h4 class=\"elementor-heading-title elementor-size-default\">KDY jet.<\/h4>\t\t\t\t<\/div>\n\t\t\t\t<\/div>\n\t\t\t\t<div class=\"elementor-element elementor-element-ff8196f elementor-widget elementor-widget-text-editor\" data-id=\"ff8196f\" data-element_type=\"widget\" data-widget_type=\"text-editor.default\">\n\t\t\t\t<div class=\"elementor-widget-container\">\n\t\t\t\t\t\t\t\t\t<p>Na lososy p\u0159es l\u00e9to.<\/p>\t\t\t\t\t\t\t\t<\/div>\n\t\t\t\t<\/div>\n\t\t\t\t<\/div>\n\t\t\t\t\t<\/div>\n\t\t\t\t<\/div>\n\t\t<div class=\"elementor-element elementor-element-1b242ad e-flex e-con-boxed e-con e-parent\" data-id=\"1b242ad\" data-element_type=\"container\">\n\t\t\t\t\t<div class=\"e-con-inner\">\n\t\t\t\t<div class=\"elementor-element elementor-element-4438edb elementor-widget elementor-widget-heading\" data-id=\"4438edb\" data-element_type=\"widget\" data-widget_type=\"heading.default\">\n\t\t\t\t<div class=\"elementor-widget-container\">\n\t\t\t\t\t<h2 class=\"elementor-heading-title elementor-size-default\">Alja\u0161ka highlights<\/h2>\t\t\t\t<\/div>\n\t\t\t\t<\/div>\n\t\t\t\t\t<\/div>\n\t\t\t\t<\/div>\n\t\t<div class=\"elementor-element elementor-element-f0108d8 e-flex e-con-boxed e-con e-parent\" data-id=\"f0108d8\" data-element_type=\"container\">\n\t\t\t\t\t<div class=\"e-con-inner\">\n\t\t<div class=\"elementor-element elementor-element-a2c177e e-con-full e-flex e-con e-child\" data-id=\"a2c177e\" data-element_type=\"container\">\n\t\t\t\t<div class=\"elementor-element elementor-element-47d7727 elementor-widget elementor-widget-image\" data-id=\"47d7727\" data-element_type=\"widget\" data-widget_type=\"image.default\">\n\t\t\t\t<div class=\"elementor-widget-container\">\n\t\t\t\t\t\t\t\t\t\t\t\t\t\t\t<img decoding=\"async\" width=\"768\" height=\"1365\" src=\"https:\/\/wp8.abecedapc.com\/wp-content\/uploads\/2025\/06\/20230719_052202-768x1365.jpg\" class=\"attachment-medium_large size-medium_large wp-image-44\" alt=\"\" srcset=\"https:\/\/wp8.abecedapc.com\/wp-content\/uploads\/2025\/06\/20230719_052202-768x1365.jpg 768w, https:\/\/wp8.abecedapc.com\/wp-content\/uploads\/2025\/06\/20230719_052202-169x300.jpg 169w, https:\/\/wp8.abecedapc.com\/wp-content\/uploads\/2025\/06\/20230719_052202-576x1024.jpg 576w, https:\/\/wp8.abecedapc.com\/wp-content\/uploads\/2025\/06\/20230719_052202-864x1536.jpg 864w, https:\/\/wp8.abecedapc.com\/wp-content\/uploads\/2025\/06\/20230719_052202-1152x2048.jpg 1152w, https:\/\/wp8.abecedapc.com\/wp-content\/uploads\/2025\/06\/20230719_052202-scaled.jpg 1440w\" sizes=\"(max-width: 768px) 100vw, 768px\" \/>\t\t\t\t\t\t\t\t\t\t\t\t\t\t\t<\/div>\n\t\t\t\t<\/div>\n\t\t\t\t<div class=\"elementor-element elementor-element-94a54ae elementor-widget elementor-widget-text-editor\" data-id=\"94a54ae\" data-element_type=\"widget\" data-widget_type=\"text-editor.default\">\n\t\t\t\t<div class=\"elementor-widget-container\">\n\t\t\t\t\t\t\t\t\t<p>Medv\u011bdi na Katmai.<\/p>\t\t\t\t\t\t\t\t<\/div>\n\t\t\t\t<\/div>\n\t\t\t\t<\/div>\n\t\t<div class=\"elementor-element elementor-element-9fea598 e-con-full e-flex e-con e-child\" data-id=\"9fea598\" data-element_type=\"container\">\n\t\t\t\t<div class=\"elementor-element elementor-element-b2b8ebf elementor-widget elementor-widget-image\" data-id=\"b2b8ebf\" data-element_type=\"widget\" data-widget_type=\"image.default\">\n\t\t\t\t<div class=\"elementor-widget-container\">\n\t\t\t\t\t\t\t\t\t\t\t\t\t\t\t<img decoding=\"async\" width=\"768\" height=\"1623\" src=\"https:\/\/wp8.abecedapc.com\/wp-content\/uploads\/2025\/06\/20230726_151629-768x1623.jpg\" class=\"attachment-medium_large size-medium_large wp-image-41\" alt=\"\" srcset=\"https:\/\/wp8.abecedapc.com\/wp-content\/uploads\/2025\/06\/20230726_151629-768x1623.jpg 768w, https:\/\/wp8.abecedapc.com\/wp-content\/uploads\/2025\/06\/20230726_151629-142x300.jpg 142w, https:\/\/wp8.abecedapc.com\/wp-content\/uploads\/2025\/06\/20230726_151629-485x1024.jpg 485w, https:\/\/wp8.abecedapc.com\/wp-content\/uploads\/2025\/06\/20230726_151629-727x1536.jpg 727w, https:\/\/wp8.abecedapc.com\/wp-content\/uploads\/2025\/06\/20230726_151629-969x2048.jpg 969w, https:\/\/wp8.abecedapc.com\/wp-content\/uploads\/2025\/06\/20230726_151629-scaled.jpg 1211w\" sizes=\"(max-width: 768px) 100vw, 768px\" \/>\t\t\t\t\t\t\t\t\t\t\t\t\t\t\t<\/div>\n\t\t\t\t<\/div>\n\t\t\t\t<div class=\"elementor-element elementor-element-0624265 elementor-widget elementor-widget-text-editor\" data-id=\"0624265\" data-element_type=\"widget\" data-widget_type=\"text-editor.default\">\n\t\t\t\t<div class=\"elementor-widget-container\">\n\t\t\t\t\t\t\t\t\t<p>Lososi v\u0161ude.<\/p>\t\t\t\t\t\t\t\t<\/div>\n\t\t\t\t<\/div>\n\t\t\t\t<\/div>\n\t\t<div class=\"elementor-element elementor-element-1b9c246 e-con-full e-flex e-con e-child\" data-id=\"1b9c246\" data-element_type=\"container\">\n\t\t\t\t<div class=\"elementor-element elementor-element-8e3ae45 elementor-widget elementor-widget-image\" data-id=\"8e3ae45\" data-element_type=\"widget\" data-widget_type=\"image.default\">\n\t\t\t\t<div class=\"elementor-widget-container\">\n\t\t\t\t\t\t\t\t\t\t\t\t\t\t\t<img loading=\"lazy\" decoding=\"async\" width=\"768\" height=\"1623\" src=\"https:\/\/wp8.abecedapc.com\/wp-content\/uploads\/2025\/06\/20230726_173808-768x1623.jpg\" class=\"attachment-medium_large size-medium_large wp-image-39\" alt=\"\" srcset=\"https:\/\/wp8.abecedapc.com\/wp-content\/uploads\/2025\/06\/20230726_173808-768x1623.jpg 768w, https:\/\/wp8.abecedapc.com\/wp-content\/uploads\/2025\/06\/20230726_173808-142x300.jpg 142w, https:\/\/wp8.abecedapc.com\/wp-content\/uploads\/2025\/06\/20230726_173808-485x1024.jpg 485w, https:\/\/wp8.abecedapc.com\/wp-content\/uploads\/2025\/06\/20230726_173808-727x1536.jpg 727w, https:\/\/wp8.abecedapc.com\/wp-content\/uploads\/2025\/06\/20230726_173808-969x2048.jpg 969w, https:\/\/wp8.abecedapc.com\/wp-content\/uploads\/2025\/06\/20230726_173808-scaled.jpg 1211w\" sizes=\"(max-width: 768px) 100vw, 768px\" \/>\t\t\t\t\t\t\t\t\t\t\t\t\t\t\t<\/div>\n\t\t\t\t<\/div>\n\t\t\t\t<div class=\"elementor-element elementor-element-8e570e3 elementor-widget elementor-widget-text-editor\" data-id=\"8e570e3\" data-element_type=\"widget\" data-widget_type=\"text-editor.default\">\n\t\t\t\t<div class=\"elementor-widget-container\">\n\t\t\t\t\t\t\t\t\t<p>Lachtani ve Valdez.<\/p>\t\t\t\t\t\t\t\t<\/div>\n\t\t\t\t<\/div>\n\t\t\t\t<\/div>\n\t\t<div class=\"elementor-element elementor-element-cbedf89 e-con-full e-flex e-con e-child\" data-id=\"cbedf89\" data-element_type=\"container\">\n\t\t\t\t<div class=\"elementor-element elementor-element-82e2dc8 elementor-widget elementor-widget-image\" data-id=\"82e2dc8\" data-element_type=\"widget\" data-widget_type=\"image.default\">\n\t\t\t\t<div class=\"elementor-widget-container\">\n\t\t\t\t\t\t\t\t\t\t\t\t\t\t\t<img loading=\"lazy\" decoding=\"async\" width=\"768\" height=\"1623\" src=\"https:\/\/wp8.abecedapc.com\/wp-content\/uploads\/2025\/06\/20230728_114840-768x1623.jpg\" class=\"attachment-medium_large size-medium_large wp-image-40\" alt=\"\" srcset=\"https:\/\/wp8.abecedapc.com\/wp-content\/uploads\/2025\/06\/20230728_114840-768x1623.jpg 768w, https:\/\/wp8.abecedapc.com\/wp-content\/uploads\/2025\/06\/20230728_114840-142x300.jpg 142w, https:\/\/wp8.abecedapc.com\/wp-content\/uploads\/2025\/06\/20230728_114840-485x1024.jpg 485w, https:\/\/wp8.abecedapc.com\/wp-content\/uploads\/2025\/06\/20230728_114840-727x1536.jpg 727w, https:\/\/wp8.abecedapc.com\/wp-content\/uploads\/2025\/06\/20230728_114840-969x2048.jpg 969w, https:\/\/wp8.abecedapc.com\/wp-content\/uploads\/2025\/06\/20230728_114840-scaled.jpg 1211w\" sizes=\"(max-width: 768px) 100vw, 768px\" \/>\t\t\t\t\t\t\t\t\t\t\t\t\t\t\t<\/div>\n\t\t\t\t<\/div>\n\t\t\t\t<div class=\"elementor-element elementor-element-3af644e elementor-widget elementor-widget-text-editor\" data-id=\"3af644e\" data-element_type=\"widget\" data-widget_type=\"text-editor.default\">\n\t\t\t\t<div class=\"elementor-widget-container\">\n\t\t\t\t\t\t\t\t\t<p>Ledovce v Kenai.<\/p>\t\t\t\t\t\t\t\t<\/div>\n\t\t\t\t<\/div>\n\t\t\t\t<\/div>\n\t\t\t\t\t<\/div>\n\t\t\t\t<\/div>\n\t\t<div class=\"elementor-element elementor-element-e5036b9 e-flex e-con-boxed e-con e-parent\" data-id=\"e5036b9\" data-element_type=\"container\">\n\t\t\t\t\t<div class=\"e-con-inner\">\n\t\t\t\t\t<\/div>\n\t\t\t\t<\/div>\n\t\t<div class=\"elementor-element elementor-element-b073680 e-flex e-con-boxed e-con e-parent\" data-id=\"b073680\" data-element_type=\"container\">\n\t\t\t\t\t<div class=\"e-con-inner\">\n\t\t\t\t<div class=\"elementor-element elementor-element-49fa14d elementor-shape-rounded elementor-grid-0 e-grid-align-center elementor-widget elementor-widget-social-icons\" data-id=\"49fa14d\" data-element_type=\"widget\" data-widget_type=\"social-icons.default\">\n\t\t\t\t<div class=\"elementor-widget-container\">\n\t\t\t\t\t\t\t<div class=\"elementor-social-icons-wrapper elementor-grid\" role=\"list\">\n\t\t\t\t\t\t\t<span class=\"elementor-grid-item\" role=\"listitem\">\n\t\t\t\t\t<a class=\"elementor-icon elementor-social-icon elementor-social-icon-facebook elementor-repeater-item-de93fa2\" href=\"https:\/\/www.facebook.com\/Tramtarie\" target=\"_blank\">\n\t\t\t\t\t\t<span class=\"elementor-screen-only\">Facebook<\/span>\n\t\t\t\t\t\t<svg class=\"e-font-icon-svg e-fab-facebook\" viewBox=\"0 0 512 512\" xmlns=\"http:\/\/www.w3.org\/2000\/svg\"><path d=\"M504 256C504 119 393 8 256 8S8 119 8 256c0 123.78 90.69 226.38 209.25 245V327.69h-63V256h63v-54.64c0-62.15 37-96.48 93.67-96.48 27.14 0 55.52 4.84 55.52 4.84v61h-31.28c-30.8 0-40.41 19.12-40.41 38.73V256h68.78l-11 71.69h-57.78V501C413.31 482.38 504 379.78 504 256z\"><\/path><\/svg>\t\t\t\t\t<\/a>\n\t\t\t\t<\/span>\n\t\t\t\t\t\t\t<span class=\"elementor-grid-item\" role=\"listitem\">\n\t\t\t\t\t<a class=\"elementor-icon elementor-social-icon elementor-social-icon-instagram elementor-repeater-item-0ee899d\" href=\"https:\/\/www.instagram.com\/simca_dotramtarie\/\" target=\"_blank\">\n\t\t\t\t\t\t<span class=\"elementor-screen-only\">Instagram<\/span>\n\t\t\t\t\t\t<svg class=\"e-font-icon-svg e-fab-instagram\" viewBox=\"0 0 448 512\" xmlns=\"http:\/\/www.w3.org\/2000\/svg\"><path d=\"M224.1 141c-63.6 0-114.9 51.3-114.9 114.9s51.3 114.9 114.9 114.9S339 319.5 339 255.9 287.7 141 224.1 141zm0 189.6c-41.1 0-74.7-33.5-74.7-74.7s33.5-74.7 74.7-74.7 74.7 33.5 74.7 74.7-33.6 74.7-74.7 74.7zm146.4-194.3c0 14.9-12 26.8-26.8 26.8-14.9 0-26.8-12-26.8-26.8s12-26.8 26.8-26.8 26.8 12 26.8 26.8zm76.1 27.2c-1.7-35.9-9.9-67.7-36.2-93.9-26.2-26.2-58-34.4-93.9-36.2-37-2.1-147.9-2.1-184.9 0-35.8 1.7-67.6 9.9-93.9 36.1s-34.4 58-36.2 93.9c-2.1 37-2.1 147.9 0 184.9 1.7 35.9 9.9 67.7 36.2 93.9s58 34.4 93.9 36.2c37 2.1 147.9 2.1 184.9 0 35.9-1.7 67.7-9.9 93.9-36.2 26.2-26.2 34.4-58 36.2-93.9 2.1-37 2.1-147.8 0-184.8zM398.8 388c-7.8 19.6-22.9 34.7-42.6 42.6-29.5 11.7-99.5 9-132.1 9s-102.7 2.6-132.1-9c-19.6-7.8-34.7-22.9-42.6-42.6-11.7-29.5-9-99.5-9-132.1s-2.6-102.7 9-132.1c7.8-19.6 22.9-34.7 42.6-42.6 29.5-11.7 99.5-9 132.1-9s102.7-2.6 132.1 9c19.6 7.8 34.7 22.9 42.6 42.6 11.7 29.5 9 99.5 9 132.1s2.7 102.7-9 132.1z\"><\/path><\/svg>\t\t\t\t\t<\/a>\n\t\t\t\t<\/span>\n\t\t\t\t\t<\/div>\n\t\t\t\t\t\t<\/div>\n\t\t\t\t<\/div>\n\t\t\t\t\t<\/div>\n\t\t\t\t<\/div>\n\t\t\t\t<\/div>\n\t\t","protected":false},"excerpt":{"rendered":"<p>JAK se tam dostat. Letecky s p\u0159elety. CO vid\u011bt. Faunu, fl\u00f3ru, ledovce. KDY jet. Na lososy p\u0159es l\u00e9to. Alja\u0161ka highlights Medv\u011bdi na Katmai. Lososi v\u0161ude. Lachtani ve Valdez. Ledovce v Kenai. Facebook Instagram<\/p>\n","protected":false},"author":1,"featured_media":0,"parent":0,"menu_order":0,"comment_status":"closed","ping_status":"closed","template":"","meta":{"footnotes":""},"class_list":["post-31","page","type-page","status-publish","hentry"],"yoast_head":"<!-- This site is optimized with the Yoast SEO plugin v25.3.1 - https:\/\/yoast.com\/wordpress\/plugins\/seo\/ -->\n<title>Alja\u0161ka - Simona - \u0161kolen\u00ed<\/title>\n<meta name=\"robots\" content=\"index, follow, max-snippet:-1, max-image-preview:large, max-video-preview:-1\" \/>\n<link rel=\"canonical\" href=\"https:\/\/wp8.abecedapc.com\/?page_id=31\" \/>\n<meta property=\"og:locale\" content=\"cs_CZ\" \/>\n<meta property=\"og:type\" content=\"article\" \/>\n<meta property=\"og:title\" content=\"Alja\u0161ka - Simona - \u0161kolen\u00ed\" \/>\n<meta property=\"og:description\" content=\"JAK se tam dostat. Letecky s p\u0159elety. CO vid\u011bt. Faunu, fl\u00f3ru, ledovce. KDY jet. Na lososy p\u0159es l\u00e9to. Alja\u0161ka highlights Medv\u011bdi na Katmai. Lososi v\u0161ude. Lachtani ve Valdez. Ledovce v Kenai. Facebook Instagram\" \/>\n<meta property=\"og:url\" content=\"https:\/\/wp8.abecedapc.com\/?page_id=31\" \/>\n<meta property=\"og:site_name\" content=\"Simona - \u0161kolen\u00ed\" \/>\n<meta property=\"article:modified_time\" content=\"2025-06-29T09:58:08+00:00\" \/>\n<meta property=\"og:image\" content=\"http:\/\/wp8.abecedapc.com\/wp-content\/uploads\/2025\/06\/20230719_044348-1024x576.jpg\" \/>\n<meta name=\"twitter:card\" content=\"summary_large_image\" \/>\n<script type=\"application\/ld+json\" class=\"yoast-schema-graph\">{\"@context\":\"https:\/\/schema.org\",\"@graph\":[{\"@type\":\"WebPage\",\"@id\":\"https:\/\/wp8.abecedapc.com\/?page_id=31\",\"url\":\"https:\/\/wp8.abecedapc.com\/?page_id=31\",\"name\":\"Alja\u0161ka - Simona - \u0161kolen\u00ed\",\"isPartOf\":{\"@id\":\"https:\/\/wp8.abecedapc.com\/#website\"},\"primaryImageOfPage\":{\"@id\":\"https:\/\/wp8.abecedapc.com\/?page_id=31#primaryimage\"},\"image\":{\"@id\":\"https:\/\/wp8.abecedapc.com\/?page_id=31#primaryimage\"},\"thumbnailUrl\":\"http:\/\/wp8.abecedapc.com\/wp-content\/uploads\/2025\/06\/20230719_044348-1024x576.jpg\",\"datePublished\":\"2025-06-28T12:15:35+00:00\",\"dateModified\":\"2025-06-29T09:58:08+00:00\",\"breadcrumb\":{\"@id\":\"https:\/\/wp8.abecedapc.com\/?page_id=31#breadcrumb\"},\"inLanguage\":\"cs\",\"potentialAction\":[{\"@type\":\"ReadAction\",\"target\":[\"https:\/\/wp8.abecedapc.com\/?page_id=31\"]}]},{\"@type\":\"ImageObject\",\"inLanguage\":\"cs\",\"@id\":\"https:\/\/wp8.abecedapc.com\/?page_id=31#primaryimage\",\"url\":\"https:\/\/wp8.abecedapc.com\/wp-content\/uploads\/2025\/06\/20230719_044348-scaled.jpg\",\"contentUrl\":\"https:\/\/wp8.abecedapc.com\/wp-content\/uploads\/2025\/06\/20230719_044348-scaled.jpg\",\"width\":2560,\"height\":1440},{\"@type\":\"BreadcrumbList\",\"@id\":\"https:\/\/wp8.abecedapc.com\/?page_id=31#breadcrumb\",\"itemListElement\":[{\"@type\":\"ListItem\",\"position\":1,\"name\":\"Dom\u016f\",\"item\":\"https:\/\/wp8.abecedapc.com\/\"},{\"@type\":\"ListItem\",\"position\":2,\"name\":\"Alja\u0161ka\"}]},{\"@type\":\"WebSite\",\"@id\":\"https:\/\/wp8.abecedapc.com\/#website\",\"url\":\"https:\/\/wp8.abecedapc.com\/\",\"name\":\"Simona - \u0161kolen\u00ed\",\"description\":\"U\u010d\u00edm se WordPress.\",\"potentialAction\":[{\"@type\":\"SearchAction\",\"target\":{\"@type\":\"EntryPoint\",\"urlTemplate\":\"https:\/\/wp8.abecedapc.com\/?s={search_term_string}\"},\"query-input\":{\"@type\":\"PropertyValueSpecification\",\"valueRequired\":true,\"valueName\":\"search_term_string\"}}],\"inLanguage\":\"cs\"}]}<\/script>\n<!-- \/ Yoast SEO plugin. -->","yoast_head_json":{"title":"Alja\u0161ka - Simona - \u0161kolen\u00ed","robots":{"index":"index","follow":"follow","max-snippet":"max-snippet:-1","max-image-preview":"max-image-preview:large","max-video-preview":"max-video-preview:-1"},"canonical":"https:\/\/wp8.abecedapc.com\/?page_id=31","og_locale":"cs_CZ","og_type":"article","og_title":"Alja\u0161ka - Simona - \u0161kolen\u00ed","og_description":"JAK se tam dostat. Letecky s p\u0159elety. CO vid\u011bt. Faunu, fl\u00f3ru, ledovce. KDY jet. Na lososy p\u0159es l\u00e9to. Alja\u0161ka highlights Medv\u011bdi na Katmai. Lososi v\u0161ude. Lachtani ve Valdez. Ledovce v Kenai. Facebook Instagram","og_url":"https:\/\/wp8.abecedapc.com\/?page_id=31","og_site_name":"Simona - \u0161kolen\u00ed","article_modified_time":"2025-06-29T09:58:08+00:00","og_image":[{"url":"http:\/\/wp8.abecedapc.com\/wp-content\/uploads\/2025\/06\/20230719_044348-1024x576.jpg","type":"","width":"","height":""}],"twitter_card":"summary_large_image","schema":{"@context":"https:\/\/schema.org","@graph":[{"@type":"WebPage","@id":"https:\/\/wp8.abecedapc.com\/?page_id=31","url":"https:\/\/wp8.abecedapc.com\/?page_id=31","name":"Alja\u0161ka - Simona - \u0161kolen\u00ed","isPartOf":{"@id":"https:\/\/wp8.abecedapc.com\/#website"},"primaryImageOfPage":{"@id":"https:\/\/wp8.abecedapc.com\/?page_id=31#primaryimage"},"image":{"@id":"https:\/\/wp8.abecedapc.com\/?page_id=31#primaryimage"},"thumbnailUrl":"http:\/\/wp8.abecedapc.com\/wp-content\/uploads\/2025\/06\/20230719_044348-1024x576.jpg","datePublished":"2025-06-28T12:15:35+00:00","dateModified":"2025-06-29T09:58:08+00:00","breadcrumb":{"@id":"https:\/\/wp8.abecedapc.com\/?page_id=31#breadcrumb"},"inLanguage":"cs","potentialAction":[{"@type":"ReadAction","target":["https:\/\/wp8.abecedapc.com\/?page_id=31"]}]},{"@type":"ImageObject","inLanguage":"cs","@id":"https:\/\/wp8.abecedapc.com\/?page_id=31#primaryimage","url":"https:\/\/wp8.abecedapc.com\/wp-content\/uploads\/2025\/06\/20230719_044348-scaled.jpg","contentUrl":"https:\/\/wp8.abecedapc.com\/wp-content\/uploads\/2025\/06\/20230719_044348-scaled.jpg","width":2560,"height":1440},{"@type":"BreadcrumbList","@id":"https:\/\/wp8.abecedapc.com\/?page_id=31#breadcrumb","itemListElement":[{"@type":"ListItem","position":1,"name":"Dom\u016f","item":"https:\/\/wp8.abecedapc.com\/"},{"@type":"ListItem","position":2,"name":"Alja\u0161ka"}]},{"@type":"WebSite","@id":"https:\/\/wp8.abecedapc.com\/#website","url":"https:\/\/wp8.abecedapc.com\/","name":"Simona - \u0161kolen\u00ed","description":"U\u010d\u00edm se WordPress.","potentialAction":[{"@type":"SearchAction","target":{"@type":"EntryPoint","urlTemplate":"https:\/\/wp8.abecedapc.com\/?s={search_term_string}"},"query-input":{"@type":"PropertyValueSpecification","valueRequired":true,"valueName":"search_term_string"}}],"inLanguage":"cs"}]}},"_links":{"self":[{"href":"https:\/\/wp8.abecedapc.com\/index.php?rest_route=\/wp\/v2\/pages\/31","targetHints":{"allow":["GET"]}}],"collection":[{"href":"https:\/\/wp8.abecedapc.com\/index.php?rest_route=\/wp\/v2\/pages"}],"about":[{"href":"https:\/\/wp8.abecedapc.com\/index.php?rest_route=\/wp\/v2\/types\/page"}],"author":[{"embeddable":true,"href":"https:\/\/wp8.abecedapc.com\/index.php?rest_route=\/wp\/v2\/users\/1"}],"replies":[{"embeddable":true,"href":"https:\/\/wp8.abecedapc.com\/index.php?rest_route=%2Fwp%2Fv2%2Fcomments&post=31"}],"version-history":[{"count":10,"href":"https:\/\/wp8.abecedapc.com\/index.php?rest_route=\/wp\/v2\/pages\/31\/revisions"}],"predecessor-version":[{"id":83,"href":"https:\/\/wp8.abecedapc.com\/index.php?rest_route=\/wp\/v2\/pages\/31\/revisions\/83"}],"wp:attachment":[{"href":"https:\/\/wp8.abecedapc.com\/index.php?rest_route=%2Fwp%2Fv2%2Fmedia&parent=31"}],"curies":[{"name":"wp","href":"https:\/\/api.w.org\/{rel}","templated":true}]}}